{"id":473,"date":"2025-05-19T18:50:09","date_gmt":"2025-05-19T18:50:09","guid":{"rendered":"https:\/\/damaceurope.eu\/?page_id=473"},"modified":"2025-05-20T10:26:33","modified_gmt":"2025-05-20T10:26:33","slug":"warum-vae","status":"publish","type":"page","link":"https:\/\/damaceurope.eu\/index.php\/warum-vae\/","title":{"rendered":"Warum VAE ?"},"content":{"rendered":"<h3><strong>Warum\u00a0 Sie <\/strong><strong>\u00a0in <\/strong><strong>VAE Vereinigten Arabischen Emiraten Investieren ?<\/strong><\/h3>\n<h3><strong>Warum\u00a0 \u00a0Dubai &amp; Abu Dhabi von DAMAC\u00a0 Objekte kaufen?<\/strong><\/h3>\n<p>Der Kauf einer Immobilie bei\u00a0DAMAC Properties\u00a0in den Vereinigten Arabischen Emiraten ist weit mehr als nur ein Immobiliengesch\u00e4ft \u2013 es ist eine\u00a0Investition in Ihre Zukunft, Ihre Familie und Ihren Lebensstil.<\/p>\n<h4><strong>1. Hohe Rendite \u2013 ab 20 % j\u00e4hrlich<\/strong><\/h4>\n<p>Die Immobilienm\u00e4rkte in\u00a0Dubai\u00a0und\u00a0Abu Dhabi\u00a0geh\u00f6ren zu den profitabelsten weltweit. Besonders Projekte von DAMAC zeichnen sich durch:<\/p>\n<ul>\n<li>attraktive Mietrenditen (teilweise \u00fcber 20 %)<\/li>\n<li>kontinuierliches\u00a0Wertzuwachspotenzial<\/li>\n<li>hohe Nachfrage durch internationale Investoren und Mieter aus.<\/li>\n<\/ul>\n<h4><strong>2. Wirtschaftliche Stabilit\u00e4t und Sicherheit<\/strong><\/h4>\n<p>Die VAE bieten ein\u00a0stabiles politisches Umfeld,\u00a0sichere Rechtslage\u00a0und eine\u00a0dynamische Wirtschaft\u00a0mit langfristigen Wachstumsstrategien \u2013 ideal f\u00fcr nachhaltige Investitionen.<\/p>\n<h4><strong>3. Steuerliche Vorteile<\/strong><\/h4>\n<ul>\n<li>Keine Einkommensteuer<\/li>\n<li>Keine Kapitalertragssteuer<\/li>\n<li>Keine Grundsteuer<br \/>\nDies macht den Immobilienbesitz in den VAE besonders lukrativ \u2013 sowohl f\u00fcr Eigennutzer als auch f\u00fcr Investoren.<\/li>\n<\/ul>\n<h4><strong>4. H\u00f6chste Lebensqualit\u00e4t f\u00fcr Familien<\/strong><\/h4>\n<p>Dubai und Abu Dhabi bieten:<\/p>\n<ul>\n<li>exzellente\u00a0internationale Schulen<\/li>\n<li>hochqualitative\u00a0medizinische Versorgung<\/li>\n<li>zahlreiche\u00a0Freizeitm\u00f6glichkeiten<\/li>\n<li>ein modernes, sicheres und multikulturelles Umfeld<\/li>\n<\/ul>\n<h4><strong>5. Luxus &amp; Lifestyle \u2013 ohne Kompromisse<\/strong><\/h4>\n<p>DAMAC-Immobilien stehen f\u00fcr:<\/p>\n<ul>\n<li>erstklassige Architektur<\/li>\n<li>exklusive Wohnanlagen mit Pool, Spa, Concierge &amp; Sicherheitsdiensten<\/li>\n<li>zentrale Lagen nahe Strand, Einkaufszentren oder Business-Districts<\/li>\n<\/ul>\n<h4><strong>6. Zukunftsorientiertes Leben<\/strong><\/h4>\n<p>In den VAE ist Zukunft kein Traum \u2013 sondern Realit\u00e4t:<\/p>\n<ul>\n<li>Smarte St\u00e4dte, gr\u00fcne Initiativen, digitale Infrastruktur<\/li>\n<li>Langfristige Visionen wie \u201eDubai 2040 Urban Master Plan\u201c<\/li>\n<\/ul>\n","protected":false},"excerpt":{"rendered":"<p>Warum\u00a0 Sie \u00a0in VAE Vereinigten Arabischen Emiraten Investieren ? Warum\u00a0 \u00a0Dubai &amp; Abu Dhabi von DAMAC\u00a0 Objekte kaufen? Der Kauf einer Immobilie bei\u00a0DAMAC Properties\u00a0in den Vereinigten Arabischen Emiraten ist weit mehr als nur ein Immobiliengesch\u00e4ft \u2013 es ist eine\u00a0Investition in Ihre Zukunft, Ihre Familie und Ihren Lebensstil. 1. Hohe Rendite \u2013 ab 20 % j\u00e4hrlich [&hellip;]<\/p>\n","protected":false},"author":1,"featured_media":0,"parent":0,"menu_order":0,"comment_status":"closed","ping_status":"closed","template":"","meta":{"footnotes":""},"class_list":["post-473","page","type-page","status-publish","hentry"],"_links":{"self":[{"href":"https:\/\/damaceurope.eu\/index.php\/wp-json\/wp\/v2\/pages\/473","targetHints":{"allow":["GET"]}}],"collection":[{"href":"https:\/\/damaceurope.eu\/index.php\/wp-json\/wp\/v2\/pages"}],"about":[{"href":"https:\/\/damaceurope.eu\/index.php\/wp-json\/wp\/v2\/types\/page"}],"author":[{"embeddable":true,"href":"https:\/\/damaceurope.eu\/index.php\/wp-json\/wp\/v2\/users\/1"}],"replies":[{"embeddable":true,"href":"https:\/\/damaceurope.eu\/index.php\/wp-json\/wp\/v2\/comments?post=473"}],"version-history":[{"count":3,"href":"https:\/\/damaceurope.eu\/index.php\/wp-json\/wp\/v2\/pages\/473\/revisions"}],"predecessor-version":[{"id":485,"href":"https:\/\/damaceurope.eu\/index.php\/wp-json\/wp\/v2\/pages\/473\/revisions\/485"}],"wp:attachment":[{"href":"https:\/\/damaceurope.eu\/index.php\/wp-json\/wp\/v2\/media?parent=473"}],"curies":[{"name":"wp","href":"https:\/\/api.w.org\/{rel}","templated":true}]}}