{"id":299,"date":"2025-05-10T21:14:30","date_gmt":"2025-05-10T21:14:30","guid":{"rendered":"https:\/\/damaceurope.eu\/?page_id=299"},"modified":"2025-05-20T10:27:59","modified_gmt":"2025-05-20T10:27:59","slug":"dubai","status":"publish","type":"page","link":"https:\/\/damaceurope.eu\/index.php\/dubai\/","title":{"rendered":"Dubai"},"content":{"rendered":"\t\t<div data-elementor-type=\"wp-page\" data-elementor-id=\"299\" class=\"elementor elementor-299\">\n\t\t\t\t<div class=\"aux-parallax-section elementor-element elementor-element-5ac5b720 e-flex e-con-boxed e-con e-parent\" data-id=\"5ac5b720\" data-element_type=\"container\">\n\t\t\t\t\t<div class=\"e-con-inner\">\n\t\t\t\t<div class=\"elementor-element elementor-element-1a48fdf3 elementor-widget elementor-widget-text-editor\" data-id=\"1a48fdf3\" data-element_type=\"widget\" data-widget_type=\"text-editor.default\">\n\t\t\t\t<div class=\"elementor-widget-container\">\n\t\t\t\t\t\t\t\t\t<p class=\"\" data-start=\"84\" data-end=\"106\"><strong data-start=\"84\" data-end=\"106\">Das Leben in Dubai<\/strong><\/p><p class=\"\" data-start=\"108\" data-end=\"431\">Dubai, ein Bundesland in den Vereinigten Arabischen Emiraten, ist bekannt f\u00fcr seine beeindruckende Skyline, luxuri\u00f6sen Lebensstil und multikulturelle Gesellschaft. Die Stadt zieht Menschen aus aller Welt an \u2013 von Gesch\u00e4ftsleuten bis hin zu Arbeitern und K\u00fcnstlern \u2013 und bietet eine einzigartige Mischung aus Tradition und Moderne.<\/p><p class=\"\" data-start=\"433\" data-end=\"790\">Das allt\u00e4gliche Leben in Dubai ist stark gepr\u00e4gt von Komfort, Sicherheit und Vielfalt. Dank des steuerfreien Einkommens und der gut entwickelten Infrastruktur ist Dubai besonders f\u00fcr Expats attraktiv. Die Stadt bietet eine breite Palette an Wohnm\u00f6glichkeiten \u2013 von hochmodernen Apartments in Wolkenkratzern bis hin zu gro\u00dfz\u00fcgigen Villen in ruhigen Vororten.<\/p><p class=\"\" data-start=\"792\" data-end=\"1164\">Die Freizeitgestaltung ist abwechslungsreich: Man kann luxuri\u00f6s shoppen gehen, in internationalen Restaurants speisen, Wassersport betreiben, W\u00fcstentouren unternehmen oder kulturelle Einrichtungen wie Museen und Kunstgalerien besuchen. Gleichzeitig gibt es viele islamische Traditionen, die das gesellschaftliche Leben pr\u00e4gen, wie z.\u202fB. der Ramadan oder das Freitagsgebet.<\/p><p class=\"\" data-start=\"1166\" data-end=\"1382\">Das Klima in Dubai ist hei\u00df und sonnig, mit Temperaturen von \u00fcber 40\u202f\u00b0C im Sommer, was das Leben im Freien vor allem in den hei\u00dfen Monaten erschwert. Daf\u00fcr sind fast alle \u00f6ffentlichen und privaten R\u00e4ume klimatisiert.<\/p><p class=\"\" data-start=\"1384\" data-end=\"1578\">Die Stadt ist au\u00dferdem sehr sicher, mit einer der niedrigsten Kriminalit\u00e4tsraten weltweit. Strenge Gesetze und hohe Standards in Gesundheitswesen und Bildung tragen zur hohen Lebensqualit\u00e4t bei.<\/p>\t\t\t\t\t\t\t\t<\/div>\n\t\t\t\t<\/div>\n\t\t\t\t\t<\/div>\n\t\t\t\t<\/div>\n\t\t<div class=\"aux-parallax-section elementor-element elementor-element-6f408fc e-grid e-con-boxed e-con e-parent\" data-id=\"6f408fc\" data-element_type=\"container\">\n\t\t\t\t\t<div class=\"e-con-inner\">\n\t\t\t\t<div class=\"elementor-element elementor-element-a315eb4 elementor-widget elementor-widget-image\" data-id=\"a315eb4\" data-element_type=\"widget\" data-widget_type=\"image.default\">\n\t\t\t\t<div class=\"elementor-widget-container\">\n\t\t\t\t\t\t\t\t\t\t\t\t\t\t\t<img fetchpriority=\"high\" decoding=\"async\" width=\"1024\" height=\"821\" src=\"https:\/\/damaceurope.eu\/wp-content\/uploads\/2025\/05\/p1-2-1024x821.jpg\" class=\"attachment-large size-large wp-image-362\" alt=\"\" \/>\t\t\t\t\t\t\t\t\t\t\t\t\t\t\t<\/div>\n\t\t\t\t<\/div>\n\t\t\t\t<div class=\"elementor-element elementor-element-a969741 elementor-widget elementor-widget-image\" data-id=\"a969741\" data-element_type=\"widget\" data-widget_type=\"image.default\">\n\t\t\t\t<div class=\"elementor-widget-container\">\n\t\t\t\t\t\t\t\t\t\t\t\t\t\t\t<img decoding=\"async\" width=\"1024\" height=\"821\" src=\"https:\/\/damaceurope.eu\/wp-content\/uploads\/2025\/05\/p2-2-1024x821.jpg\" class=\"attachment-large size-large wp-image-375\" alt=\"\" \/>\t\t\t\t\t\t\t\t\t\t\t\t\t\t\t<\/div>\n\t\t\t\t<\/div>\n\t\t\t\t<div class=\"elementor-element elementor-element-aa4cfc4 elementor-widget elementor-widget-image\" data-id=\"aa4cfc4\" data-element_type=\"widget\" data-widget_type=\"image.default\">\n\t\t\t\t<div class=\"elementor-widget-container\">\n\t\t\t\t\t\t\t\t\t\t\t\t\t\t\t<img decoding=\"async\" width=\"1024\" height=\"821\" src=\"https:\/\/damaceurope.eu\/wp-content\/uploads\/2025\/05\/p3-2-1024x821.jpg\" class=\"attachment-large size-large wp-image-376\" alt=\"\" \/>\t\t\t\t\t\t\t\t\t\t\t\t\t\t\t<\/div>\n\t\t\t\t<\/div>\n\t\t\t\t<div class=\"elementor-element elementor-element-4664c17 elementor-widget elementor-widget-image\" data-id=\"4664c17\" data-element_type=\"widget\" data-widget_type=\"image.default\">\n\t\t\t\t<div class=\"elementor-widget-container\">\n\t\t\t\t\t\t\t\t\t\t\t\t\t\t\t<img loading=\"lazy\" decoding=\"async\" width=\"1024\" height=\"821\" src=\"https:\/\/damaceurope.eu\/wp-content\/uploads\/2025\/05\/p4-1-1024x821.jpg\" class=\"attachment-large size-large wp-image-377\" alt=\"\" \/>\t\t\t\t\t\t\t\t\t\t\t\t\t\t\t<\/div>\n\t\t\t\t<\/div>\n\t\t\t\t<div class=\"elementor-element elementor-element-7c0ed9b elementor-widget elementor-widget-image\" data-id=\"7c0ed9b\" data-element_type=\"widget\" data-widget_type=\"image.default\">\n\t\t\t\t<div class=\"elementor-widget-container\">\n\t\t\t\t\t\t\t\t\t\t\t\t\t\t\t<img loading=\"lazy\" decoding=\"async\" width=\"1024\" height=\"821\" src=\"https:\/\/damaceurope.eu\/wp-content\/uploads\/2025\/05\/p5-1-1024x821.jpg\" class=\"attachment-large size-large wp-image-378\" alt=\"\" \/>\t\t\t\t\t\t\t\t\t\t\t\t\t\t\t<\/div>\n\t\t\t\t<\/div>\n\t\t\t\t<div class=\"elementor-element elementor-element-3aa0eca elementor-widget elementor-widget-image\" data-id=\"3aa0eca\" data-element_type=\"widget\" data-widget_type=\"image.default\">\n\t\t\t\t<div class=\"elementor-widget-container\">\n\t\t\t\t\t\t\t\t\t\t\t\t\t\t\t<img loading=\"lazy\" decoding=\"async\" width=\"1024\" height=\"821\" src=\"https:\/\/damaceurope.eu\/wp-content\/uploads\/2025\/05\/p6-1-1024x821.jpg\" class=\"attachment-large size-large wp-image-382\" alt=\"\" \/>\t\t\t\t\t\t\t\t\t\t\t\t\t\t\t<\/div>\n\t\t\t\t<\/div>\n\t\t\t\t<div class=\"elementor-element elementor-element-cf0c362 elementor-widget elementor-widget-image\" data-id=\"cf0c362\" data-element_type=\"widget\" data-widget_type=\"image.default\">\n\t\t\t\t<div class=\"elementor-widget-container\">\n\t\t\t\t\t\t\t\t\t\t\t\t\t\t\t<img loading=\"lazy\" decoding=\"async\" width=\"1024\" height=\"821\" src=\"https:\/\/damaceurope.eu\/wp-content\/uploads\/2025\/05\/p7-1-1024x821.jpg\" class=\"attachment-large size-large wp-image-383\" alt=\"\" \/>\t\t\t\t\t\t\t\t\t\t\t\t\t\t\t<\/div>\n\t\t\t\t<\/div>\n\t\t\t\t<div class=\"elementor-element elementor-element-43304d3 elementor-widget elementor-widget-image\" data-id=\"43304d3\" data-element_type=\"widget\" data-widget_type=\"image.default\">\n\t\t\t\t<div class=\"elementor-widget-container\">\n\t\t\t\t\t\t\t\t\t\t\t\t\t\t\t<img loading=\"lazy\" decoding=\"async\" width=\"300\" height=\"300\" src=\"https:\/\/damaceurope.eu\/wp-content\/uploads\/2025\/05\/Featured-image-Dubai-UAE-300x300.jpg\" class=\"attachment-medium size-medium wp-image-423\" alt=\"\" srcset=\"https:\/\/damaceurope.eu\/wp-content\/uploads\/2025\/05\/Featured-image-Dubai-UAE-300x300.jpg 300w, https:\/\/damaceurope.eu\/wp-content\/uploads\/2025\/05\/Featured-image-Dubai-UAE-1024x1024.jpg 1024w, https:\/\/damaceurope.eu\/wp-content\/uploads\/2025\/05\/Featured-image-Dubai-UAE-150x150.jpg 150w, https:\/\/damaceurope.eu\/wp-content\/uploads\/2025\/05\/Featured-image-Dubai-UAE-768x768.jpg 768w\" sizes=\"(max-width: 300px) 100vw, 300px\" \/>\t\t\t\t\t\t\t\t\t\t\t\t\t\t\t<\/div>\n\t\t\t\t<\/div>\n\t\t\t\t\t<\/div>\n\t\t\t\t<\/div>\n\t\t\t\t<\/div>\n\t\t","protected":false},"excerpt":{"rendered":"<p>Das Leben in Dubai Dubai, ein Bundesland in den Vereinigten Arabischen Emiraten, ist bekannt f\u00fcr seine beeindruckende Skyline, luxuri\u00f6sen Lebensstil und multikulturelle Gesellschaft. Die Stadt zieht Menschen aus aller Welt an \u2013 von Gesch\u00e4ftsleuten bis hin zu Arbeitern und K\u00fcnstlern \u2013 und bietet eine einzigartige Mischung aus Tradition und Moderne. Das allt\u00e4gliche Leben in Dubai [&hellip;]<\/p>\n","protected":false},"author":1,"featured_media":0,"parent":0,"menu_order":0,"comment_status":"closed","ping_status":"closed","template":"","meta":{"footnotes":""},"class_list":["post-299","page","type-page","status-publish","hentry"],"_links":{"self":[{"href":"https:\/\/damaceurope.eu\/index.php\/wp-json\/wp\/v2\/pages\/299","targetHints":{"allow":["GET"]}}],"collection":[{"href":"https:\/\/damaceurope.eu\/index.php\/wp-json\/wp\/v2\/pages"}],"about":[{"href":"https:\/\/damaceurope.eu\/index.php\/wp-json\/wp\/v2\/types\/page"}],"author":[{"embeddable":true,"href":"https:\/\/damaceurope.eu\/index.php\/wp-json\/wp\/v2\/users\/1"}],"replies":[{"embeddable":true,"href":"https:\/\/damaceurope.eu\/index.php\/wp-json\/wp\/v2\/comments?post=299"}],"version-history":[{"count":39,"href":"https:\/\/damaceurope.eu\/index.php\/wp-json\/wp\/v2\/pages\/299\/revisions"}],"predecessor-version":[{"id":488,"href":"https:\/\/damaceurope.eu\/index.php\/wp-json\/wp\/v2\/pages\/299\/revisions\/488"}],"wp:attachment":[{"href":"https:\/\/damaceurope.eu\/index.php\/wp-json\/wp\/v2\/media?parent=299"}],"curies":[{"name":"wp","href":"https:\/\/api.w.org\/{rel}","templated":true}]}}