{"id":194,"date":"2025-05-09T01:08:18","date_gmt":"2025-05-09T01:08:18","guid":{"rendered":"https:\/\/damaceurope.eu\/?page_id=194"},"modified":"2025-05-21T08:39:20","modified_gmt":"2025-05-21T08:39:20","slug":"contact-2","status":"publish","type":"page","link":"https:\/\/damaceurope.eu\/index.php\/contact-2\/","title":{"rendered":"Contact"},"content":{"rendered":"<p><strong>DAMAC EUROPE Realestate<\/strong><\/p>\n<p class=\"\" data-start=\"116\" data-end=\"310\">Das Team von Damac Europe steht Ihnen bereit, um Sie zu unterst\u00fctzen und bei jedem Schritt zu begleiten<\/p>\n<p class=\"\" data-start=\"116\" data-end=\"310\">von der Pr\u00e4sentation \u00fcber die Besichtigungsreise bis hin zur Vertragsunterzeichnung.<\/p>\n<p class=\"\" data-start=\"312\" data-end=\"512\">Schon bald wird es in den deutschsprachigen L\u00e4ndern \u2013 \u00d6sterreich, Deutschland, der Schweiz und Liechtenstein<\/p>\n<p class=\"\" data-start=\"312\" data-end=\"512\">offizielle Vertreter von Damac Europe geben, die Ihnen pers\u00f6nlich zur Verf\u00fcgung stehen.<\/p>\n<p class=\"\" data-start=\"514\" data-end=\"554\">Wir freuen uns auf Ihre Kontaktaufnahme!<\/p>\n<p>&nbsp;<\/p>\n<p><strong>* Office\u00a0 Austria Team<\/strong><\/p>\n<ul>\n<li>Vienna:\u00a0 \u00a0 \u00a0 Mr. A. Kader Chalendi\u00a0 \u00a0 \u00a0 Tel: +43 650 60 41 265<\/li>\n<li>Vienna:\u00a0 \u00a0 \u00a0 Ms. Crina Titzer\u00a0 \u00a0 \u00a0 \u00a0 \u00a0 \u00a0 \u00a0 \u00a0 \u00a0Tel: +43 699 11 000 398<\/li>\n<li>Salzburg:\u00a0 \u00a0Mr. David Westermair\u00a0 \u00a0 \u00a0 Tel : +43 66475586817<\/li>\n<li>Linz:<\/li>\n<li>Graz<\/li>\n<li>Innsbruck<\/li>\n<\/ul>\n<p><strong>* Suisse Team\u00a0 bald Online<\/strong><\/p>\n<ul>\n<li>Z\u00fcrich<\/li>\n<li>Gen\u00e8ve<\/li>\n<li>Bern<\/li>\n<\/ul>\n<p><strong>* Germany Team Bald Online<\/strong><\/p>\n<ul>\n<li>M\u00fcnchen<\/li>\n<li>Frankfurt<\/li>\n<li>K\u00f6hl<\/li>\n<li>Berlin<\/li>\n<li>Hannover<\/li>\n<\/ul>\n<p><strong>* Lichtenstein Team bald Online<\/strong><\/p>\n<p>Vaduz:<\/p>\n<p><strong>CRTT Chalendi Real Tourism Trade \/ Immorax Austria\u00a0<\/strong><\/p>\n<ul>\n<li>Parkring 12 a<\/li>\n<li>Vienna 1010 Austria<\/li>\n<li>Hotline:\u00a0 + 43 650 60 41 265<\/li>\n<li>E: europedamac@gmail.com<\/li>\n<li>E: office@damaceurope.eu<\/li>\n<li>FN: 626451b<\/li>\n<li>UID: ATU 754201589<\/li>\n<li>GISA: 36844159<\/li>\n<\/ul>\n<p>&nbsp;<\/p>\n","protected":false},"excerpt":{"rendered":"<p>DAMAC EUROPE Realestate Das Team von Damac Europe steht Ihnen bereit, um Sie zu unterst\u00fctzen und bei jedem Schritt zu begleiten von der Pr\u00e4sentation \u00fcber die Besichtigungsreise bis hin zur Vertragsunterzeichnung. Schon bald wird es in den deutschsprachigen L\u00e4ndern \u2013 \u00d6sterreich, Deutschland, der Schweiz und Liechtenstein offizielle Vertreter von Damac Europe geben, die Ihnen pers\u00f6nlich [&hellip;]<\/p>\n","protected":false},"author":1,"featured_media":0,"parent":0,"menu_order":0,"comment_status":"closed","ping_status":"closed","template":"","meta":{"footnotes":""},"class_list":["post-194","page","type-page","status-publish","hentry"],"_links":{"self":[{"href":"https:\/\/damaceurope.eu\/index.php\/wp-json\/wp\/v2\/pages\/194","targetHints":{"allow":["GET"]}}],"collection":[{"href":"https:\/\/damaceurope.eu\/index.php\/wp-json\/wp\/v2\/pages"}],"about":[{"href":"https:\/\/damaceurope.eu\/index.php\/wp-json\/wp\/v2\/types\/page"}],"author":[{"embeddable":true,"href":"https:\/\/damaceurope.eu\/index.php\/wp-json\/wp\/v2\/users\/1"}],"replies":[{"embeddable":true,"href":"https:\/\/damaceurope.eu\/index.php\/wp-json\/wp\/v2\/comments?post=194"}],"version-history":[{"count":11,"href":"https:\/\/damaceurope.eu\/index.php\/wp-json\/wp\/v2\/pages\/194\/revisions"}],"predecessor-version":[{"id":495,"href":"https:\/\/damaceurope.eu\/index.php\/wp-json\/wp\/v2\/pages\/194\/revisions\/495"}],"wp:attachment":[{"href":"https:\/\/damaceurope.eu\/index.php\/wp-json\/wp\/v2\/media?parent=194"}],"curies":[{"name":"wp","href":"https:\/\/api.w.org\/{rel}","templated":true}]}}