{"id":193,"date":"2025-05-09T01:08:18","date_gmt":"2025-05-09T01:08:18","guid":{"rendered":"https:\/\/damaceurope.eu\/?page_id=193"},"modified":"2025-05-20T10:29:38","modified_gmt":"2025-05-20T10:29:38","slug":"abu-dhabi","status":"publish","type":"page","link":"https:\/\/damaceurope.eu\/index.php\/abu-dhabi\/","title":{"rendered":"Abu Dhabi"},"content":{"rendered":"\t\t<div data-elementor-type=\"wp-page\" data-elementor-id=\"193\" class=\"elementor elementor-193\">\n\t\t\t\t<div class=\"aux-parallax-section elementor-element elementor-element-3443df1e e-flex e-con-boxed e-con e-parent\" data-id=\"3443df1e\" data-element_type=\"container\">\n\t\t\t\t\t<div class=\"e-con-inner\">\n\t\t\t\t<div class=\"elementor-element elementor-element-3f34173b elementor-widget elementor-widget-text-editor\" data-id=\"3f34173b\" data-element_type=\"widget\" data-widget_type=\"text-editor.default\">\n\t\t\t\t<div class=\"elementor-widget-container\">\n\t\t\t\t\t\t\t\t\t<p class=\"\" data-start=\"148\" data-end=\"205\"><strong data-start=\"148\" data-end=\"205\">Abu Dhabi \u2013 Lebensqualit\u00e4t, Bildung, Beruf und Umwelt<\/strong><\/p><p class=\"\" data-start=\"207\" data-end=\"594\">Abu Dhabi, die Hauptstadt der Vereinigten Arabischen Emirate, gilt als eine der modernsten und lebenswertesten St\u00e4dte der Golfregion. Die Lebensqualit\u00e4t ist hoch, mit einer ausgezeichneten Infrastruktur, modernen Wohnanlagen, einem sicheren Umfeld und vielf\u00e4ltigen Freizeitm\u00f6glichkeiten. Die Gesundheitsversorgung ist auf internationalem Niveau, und das kulturelle Angebot w\u00e4chst stetig.<\/p><p class=\"\" data-start=\"596\" data-end=\"983\">Im Bereich der Schulbildung bietet Abu Dhabi sowohl staatliche als auch zahlreiche internationale Schulen mit englischem, amerikanischem, franz\u00f6sischem oder deutschem Lehrplan. Die Ausbildung legt gro\u00dfen Wert auf Technologie, Sprachen und moderne Lehrmethoden. Auch Universit\u00e4ten wie die New York University Abu Dhabi oder die Sorbonne Abu Dhabi ziehen internationale Studierende an.<\/p><p class=\"\" data-start=\"985\" data-end=\"1307\">Der Arbeitsmarkt in Abu Dhabi ist vielf\u00e4ltig und stark gepr\u00e4gt von internationalen Fachkr\u00e4ften. Vor allem in Bereichen wie \u00d6l- und Gasindustrie, Bauwesen, Gesundheitswesen, IT, Bildung und Tourismus gibt es zahlreiche Berufsm\u00f6glichkeiten. Die Arbeitsbedingungen sind in der Regel gut, und Geh\u00e4lter sind oft steuerfrei.<\/p><p class=\"\" data-start=\"1309\" data-end=\"1673\">Beim Thema Umweltschutz zeigt Abu Dhabi in den letzten Jahren wachsende Verantwortung. Es werden nachhaltige Projekte wie \u201eMasdar City\u201c gef\u00f6rdert, eine CO\u2082-neutrale \u00d6kostadt. Zudem setzt die Regierung verst\u00e4rkt auf erneuerbare Energien, Recyclingprogramme und den Schutz der nat\u00fcrlichen Ressourcen, um langfristig eine umweltfreundliche Entwicklung zu sichern.<\/p>\t\t\t\t\t\t\t\t<\/div>\n\t\t\t\t<\/div>\n\t\t\t\t\t<\/div>\n\t\t\t\t<\/div>\n\t\t<div class=\"aux-parallax-section elementor-element elementor-element-739a958 e-grid e-con-boxed e-con e-parent\" data-id=\"739a958\" data-element_type=\"container\">\n\t\t\t\t\t<div class=\"e-con-inner\">\n\t\t\t\t<div class=\"elementor-element elementor-element-0d17d0a elementor-widget elementor-widget-image\" data-id=\"0d17d0a\" data-element_type=\"widget\" data-widget_type=\"image.default\">\n\t\t\t\t<div class=\"elementor-widget-container\">\n\t\t\t\t\t\t\t\t\t\t\t\t\t\t\t<img fetchpriority=\"high\" decoding=\"async\" width=\"1024\" height=\"821\" src=\"https:\/\/damaceurope.eu\/wp-content\/uploads\/2025\/05\/p1-1-1024x821.jpg\" class=\"attachment-large size-large wp-image-348\" alt=\"\" \/>\t\t\t\t\t\t\t\t\t\t\t\t\t\t\t<\/div>\n\t\t\t\t<\/div>\n\t\t\t\t<div class=\"elementor-element elementor-element-da13689 elementor-widget elementor-widget-image\" data-id=\"da13689\" data-element_type=\"widget\" data-widget_type=\"image.default\">\n\t\t\t\t<div class=\"elementor-widget-container\">\n\t\t\t\t\t\t\t\t\t\t\t\t\t\t\t<img decoding=\"async\" width=\"1024\" height=\"821\" src=\"https:\/\/damaceurope.eu\/wp-content\/uploads\/2025\/05\/p2-1-1024x821.jpg\" class=\"attachment-large size-large wp-image-349\" alt=\"\" \/>\t\t\t\t\t\t\t\t\t\t\t\t\t\t\t<\/div>\n\t\t\t\t<\/div>\n\t\t\t\t<div class=\"elementor-element elementor-element-e503546 elementor-widget elementor-widget-image\" data-id=\"e503546\" data-element_type=\"widget\" data-widget_type=\"image.default\">\n\t\t\t\t<div class=\"elementor-widget-container\">\n\t\t\t\t\t\t\t\t\t\t\t\t\t\t\t<img decoding=\"async\" width=\"1024\" height=\"821\" src=\"https:\/\/damaceurope.eu\/wp-content\/uploads\/2025\/05\/p3-1-1024x821.jpg\" class=\"attachment-large size-large wp-image-350\" alt=\"\" \/>\t\t\t\t\t\t\t\t\t\t\t\t\t\t\t<\/div>\n\t\t\t\t<\/div>\n\t\t\t\t<div class=\"elementor-element elementor-element-d130648 elementor-widget elementor-widget-image\" data-id=\"d130648\" data-element_type=\"widget\" data-widget_type=\"image.default\">\n\t\t\t\t<div class=\"elementor-widget-container\">\n\t\t\t\t\t\t\t\t\t\t\t\t\t\t\t<img loading=\"lazy\" decoding=\"async\" width=\"1024\" height=\"821\" src=\"https:\/\/damaceurope.eu\/wp-content\/uploads\/2025\/05\/p4-1024x821.jpg\" class=\"attachment-large size-large wp-image-351\" alt=\"\" \/>\t\t\t\t\t\t\t\t\t\t\t\t\t\t\t<\/div>\n\t\t\t\t<\/div>\n\t\t\t\t<div class=\"elementor-element elementor-element-cffe8ee elementor-widget elementor-widget-image\" data-id=\"cffe8ee\" data-element_type=\"widget\" data-widget_type=\"image.default\">\n\t\t\t\t<div class=\"elementor-widget-container\">\n\t\t\t\t\t\t\t\t\t\t\t\t\t\t\t<img loading=\"lazy\" decoding=\"async\" width=\"1024\" height=\"821\" src=\"https:\/\/damaceurope.eu\/wp-content\/uploads\/2025\/05\/p5-1024x821.jpg\" class=\"attachment-large size-large wp-image-352\" alt=\"\" \/>\t\t\t\t\t\t\t\t\t\t\t\t\t\t\t<\/div>\n\t\t\t\t<\/div>\n\t\t\t\t<div class=\"elementor-element elementor-element-1003f3d elementor-widget elementor-widget-image\" data-id=\"1003f3d\" data-element_type=\"widget\" data-widget_type=\"image.default\">\n\t\t\t\t<div class=\"elementor-widget-container\">\n\t\t\t\t\t\t\t\t\t\t\t\t\t\t\t<img loading=\"lazy\" decoding=\"async\" width=\"1024\" height=\"821\" src=\"https:\/\/damaceurope.eu\/wp-content\/uploads\/2025\/05\/p6-1024x821.jpg\" class=\"attachment-large size-large wp-image-353\" alt=\"\" \/>\t\t\t\t\t\t\t\t\t\t\t\t\t\t\t<\/div>\n\t\t\t\t<\/div>\n\t\t\t\t<div class=\"elementor-element elementor-element-c2eff39 elementor-widget elementor-widget-image\" data-id=\"c2eff39\" data-element_type=\"widget\" data-widget_type=\"image.default\">\n\t\t\t\t<div class=\"elementor-widget-container\">\n\t\t\t\t\t\t\t\t\t\t\t\t\t\t\t<img loading=\"lazy\" decoding=\"async\" width=\"1024\" height=\"821\" src=\"https:\/\/damaceurope.eu\/wp-content\/uploads\/2025\/05\/p7-1024x821.jpg\" class=\"attachment-large size-large wp-image-354\" alt=\"\" \/>\t\t\t\t\t\t\t\t\t\t\t\t\t\t\t<\/div>\n\t\t\t\t<\/div>\n\t\t\t\t<div class=\"elementor-element elementor-element-a5bf15f elementor-widget elementor-widget-image\" data-id=\"a5bf15f\" data-element_type=\"widget\" data-widget_type=\"image.default\">\n\t\t\t\t<div class=\"elementor-widget-container\">\n\t\t\t\t\t\t\t\t\t\t\t\t\t\t\t<img loading=\"lazy\" decoding=\"async\" width=\"1024\" height=\"821\" src=\"https:\/\/damaceurope.eu\/wp-content\/uploads\/2025\/05\/p8-1024x821.jpg\" class=\"attachment-large size-large wp-image-355\" alt=\"\" \/>\t\t\t\t\t\t\t\t\t\t\t\t\t\t\t<\/div>\n\t\t\t\t<\/div>\n\t\t\t\t\t<\/div>\n\t\t\t\t<\/div>\n\t\t\t\t<\/div>\n\t\t","protected":false},"excerpt":{"rendered":"<p>Abu Dhabi \u2013 Lebensqualit\u00e4t, Bildung, Beruf und Umwelt Abu Dhabi, die Hauptstadt der Vereinigten Arabischen Emirate, gilt als eine der modernsten und lebenswertesten St\u00e4dte der Golfregion. Die Lebensqualit\u00e4t ist hoch, mit einer ausgezeichneten Infrastruktur, modernen Wohnanlagen, einem sicheren Umfeld und vielf\u00e4ltigen Freizeitm\u00f6glichkeiten. Die Gesundheitsversorgung ist auf internationalem Niveau, und das kulturelle Angebot w\u00e4chst stetig. Im [&hellip;]<\/p>\n","protected":false},"author":1,"featured_media":0,"parent":0,"menu_order":0,"comment_status":"closed","ping_status":"closed","template":"","meta":{"footnotes":""},"class_list":["post-193","page","type-page","status-publish","hentry"],"_links":{"self":[{"href":"https:\/\/damaceurope.eu\/index.php\/wp-json\/wp\/v2\/pages\/193","targetHints":{"allow":["GET"]}}],"collection":[{"href":"https:\/\/damaceurope.eu\/index.php\/wp-json\/wp\/v2\/pages"}],"about":[{"href":"https:\/\/damaceurope.eu\/index.php\/wp-json\/wp\/v2\/types\/page"}],"author":[{"embeddable":true,"href":"https:\/\/damaceurope.eu\/index.php\/wp-json\/wp\/v2\/users\/1"}],"replies":[{"embeddable":true,"href":"https:\/\/damaceurope.eu\/index.php\/wp-json\/wp\/v2\/comments?post=193"}],"version-history":[{"count":12,"href":"https:\/\/damaceurope.eu\/index.php\/wp-json\/wp\/v2\/pages\/193\/revisions"}],"predecessor-version":[{"id":491,"href":"https:\/\/damaceurope.eu\/index.php\/wp-json\/wp\/v2\/pages\/193\/revisions\/491"}],"wp:attachment":[{"href":"https:\/\/damaceurope.eu\/index.php\/wp-json\/wp\/v2\/media?parent=193"}],"curies":[{"name":"wp","href":"https:\/\/api.w.org\/{rel}","templated":true}]}}