{"id":190,"date":"2025-05-09T01:08:18","date_gmt":"2025-05-09T01:08:18","guid":{"rendered":"https:\/\/damaceurope.eu\/?page_id=190"},"modified":"2025-05-22T10:03:51","modified_gmt":"2025-05-22T10:03:51","slug":"about-damac","status":"publish","type":"page","link":"https:\/\/damaceurope.eu\/index.php\/about-damac\/","title":{"rendered":"About Damac"},"content":{"rendered":"\t\t<div data-elementor-type=\"wp-page\" data-elementor-id=\"190\" class=\"elementor elementor-190\">\n\t\t\t\t<div class=\"aux-parallax-section elementor-element elementor-element-1832ce45 e-flex e-con-boxed e-con e-parent\" data-id=\"1832ce45\" data-element_type=\"container\">\n\t\t\t\t\t<div class=\"e-con-inner\">\n\t\t\t\t<div class=\"elementor-element elementor-element-17fcb0de elementor-widget elementor-widget-text-editor\" data-id=\"17fcb0de\" data-element_type=\"widget\" data-widget_type=\"text-editor.default\">\n\t\t\t\t<div class=\"elementor-widget-container\">\n\t\t\t\t\t\t\t\t\t<p class=\"\" data-start=\"72\" data-end=\"285\"><strong data-start=\"72\" data-end=\"104\">DIE DAMAC UNTERNEHMENSGRUPPE<\/strong><br data-start=\"104\" data-end=\"107\" \/>Die DAMAC Group gr\u00fcndete im Jahr 2002 ihre Immobilienentwicklungssparte unter dem Namen <strong data-start=\"195\" data-end=\"215\">DAMAC Properties<\/strong>, die sich seither zu einer weltweit anerkannten Marke entwickelt hat.<\/p><p class=\"\" data-start=\"287\" data-end=\"796\"><strong data-start=\"287\" data-end=\"307\">DAMAC Properties<\/strong> setzt sich das Ziel, neue Ma\u00dfst\u00e4be in Design, Handwerkskunst und einem inspirierten Lebensstil zu setzen. Ob es sich um integrierte Wohnanlagen oder ikonische Hochhaust\u00fcrme handelt \u2013 DAMAC definiert luxuri\u00f6ses Wohnen neu. Als f\u00fchrender Entwickler im Bereich Luxusimmobilien legt DAMAC gro\u00dfen Wert darauf, hochwertige Wohnanlagen zu schaffen, die nicht nur au\u00dfergew\u00f6hnliche Renditen f\u00fcr Investoren bieten, sondern den Bewohnern auch besondere Immobilien und Services zur Verf\u00fcgung stellen.<\/p><p class=\"\" data-start=\"803\" data-end=\"1175\"><strong data-start=\"803\" data-end=\"826\">EINE WELT DES LUXUS<\/strong><br data-start=\"826\" data-end=\"829\" \/>Von erstklassigen Wohnanlagen und luxuri\u00f6sen Wohnt\u00fcrmen bis hin zu weitl\u00e4ufig geplanten Stadtvierteln und exklusiven Resort-Residenzen auf Inseln \u2013 <strong data-start=\"977\" data-end=\"997\">DAMAC Properties<\/strong> ist bekannt f\u00fcr Projekte, die innovatives Design mit au\u00dfergew\u00f6hnlichen Annehmlichkeiten vereinen. Das Ergebnis: ein unvergleichliches Wohnerlebnis an besten Standorten weltweit.<\/p><p class=\"\" data-start=\"1182\" data-end=\"1422\"><strong data-start=\"1182\" data-end=\"1201\">HUSSAIN SAJWANI<\/strong><br data-start=\"1201\" data-end=\"1204\" \/>Hussain Sajwani, Staatsb\u00fcrger der Vereinigten Arabischen Emirate, ist Gr\u00fcnder und Vorstandsvorsitzender des internationalen Immobilienentwicklers <strong data-start=\"1350\" data-end=\"1370\">DAMAC Properties<\/strong> sowie Gr\u00fcnder und Vorsitzender der <strong data-start=\"1406\" data-end=\"1421\">DAMAC Group<\/strong>.<\/p><p class=\"\" data-start=\"1424\" data-end=\"1692\">Im Jahr 2002 erkannte er eine Marktl\u00fccke und gr\u00fcndete DAMAC Properties \u2013 heute eines der gr\u00f6\u00dften Immobilienentwicklungsunternehmen in der Region mit Projekten in bedeutenden Metropolen wie Dubai, Abu Dhabi, Doha, Amman, Beirut, Jeddah, Riad, Miami, Toronto und London.<\/p><p class=\"\" data-start=\"1694\" data-end=\"2271\">Als erfahrener Unternehmer und Investor kann Sajwani auf eine erfolgreiche Geschichte im Bereich globaler Aktien- und Kapitalm\u00e4rkte zur\u00fcckblicken. Bereits in den fr\u00fchen 1980er-Jahren gr\u00fcndete er die <strong data-start=\"1893\" data-end=\"1908\">DAMAC Group<\/strong> als seine private Investmentgesellschaft. Die Gruppe profitiert vom umfangreichen Know-how ihres Teams in den Bereichen Investment und Finanzdienstleistungen und verfolgt eine diversifizierte Strategie, um neue Gesch\u00e4ftsfelder in verschiedenen Regionen und Branchen zu erschlie\u00dfen \u2013 darunter Luxusmode, Rechenzentren, Immobilien, Gastgewerbe, Industrie und mehr.<\/p><p class=\"\" data-start=\"2273\" data-end=\"2390\">Heute erstreckt sich die globale Pr\u00e4senz der DAMAC Group \u00fcber Nordamerika, Europa, Asien, den Nahen Osten und Afrika.<\/p><p data-start=\"2273\" data-end=\"2390\"><a href=\"https:\/\/www.damacproperties.com\/en\/\">DAMAC ONLINE<\/a><\/p><p data-start=\"2273\" data-end=\"2390\">\u00a0<\/p><p data-start=\"2273\" data-end=\"2390\">\u00a0<\/p>\t\t\t\t\t\t\t\t<\/div>\n\t\t\t\t<\/div>\n\t\t\t\t\t<\/div>\n\t\t\t\t<\/div>\n\t\t<div class=\"aux-parallax-section elementor-element elementor-element-d75b710 e-grid e-con-boxed e-con e-parent\" data-id=\"d75b710\" data-element_type=\"container\">\n\t\t\t\t\t<div class=\"e-con-inner\">\n\t\t\t\t<div class=\"elementor-element elementor-element-266081c elementor-widget elementor-widget-image\" data-id=\"266081c\" data-element_type=\"widget\" data-widget_type=\"image.default\">\n\t\t\t\t<div class=\"elementor-widget-container\">\n\t\t\t\t\t\t\t\t\t\t\t\t\t\t\t<img fetchpriority=\"high\" decoding=\"async\" width=\"600\" height=\"800\" src=\"https:\/\/damaceurope.eu\/wp-content\/uploads\/2025\/05\/b0.jpg\" class=\"attachment-large size-large wp-image-267\" alt=\"\" srcset=\"https:\/\/damaceurope.eu\/wp-content\/uploads\/2025\/05\/b0.jpg 600w, https:\/\/damaceurope.eu\/wp-content\/uploads\/2025\/05\/b0-200x267.jpg 200w\" sizes=\"(max-width: 600px) 100vw, 600px\" \/>\t\t\t\t\t\t\t\t\t\t\t\t\t\t\t<\/div>\n\t\t\t\t<\/div>\n\t\t\t\t<div class=\"elementor-element elementor-element-92a51ef elementor-widget elementor-widget-image\" data-id=\"92a51ef\" data-element_type=\"widget\" data-widget_type=\"image.default\">\n\t\t\t\t<div class=\"elementor-widget-container\">\n\t\t\t\t\t\t\t\t\t\t\t\t\t\t\t<img decoding=\"async\" width=\"600\" height=\"800\" src=\"https:\/\/damaceurope.eu\/wp-content\/uploads\/2025\/05\/b1.jpg\" class=\"attachment-large size-large wp-image-268\" alt=\"\" srcset=\"https:\/\/damaceurope.eu\/wp-content\/uploads\/2025\/05\/b1.jpg 600w, https:\/\/damaceurope.eu\/wp-content\/uploads\/2025\/05\/b1-200x267.jpg 200w\" sizes=\"(max-width: 600px) 100vw, 600px\" \/>\t\t\t\t\t\t\t\t\t\t\t\t\t\t\t<\/div>\n\t\t\t\t<\/div>\n\t\t\t\t<div class=\"elementor-element elementor-element-3d25433 elementor-widget elementor-widget-image\" data-id=\"3d25433\" data-element_type=\"widget\" data-widget_type=\"image.default\">\n\t\t\t\t<div class=\"elementor-widget-container\">\n\t\t\t\t\t\t\t\t\t\t\t\t\t\t\t<img decoding=\"async\" width=\"600\" height=\"800\" src=\"https:\/\/damaceurope.eu\/wp-content\/uploads\/2025\/05\/b2.jpg\" class=\"attachment-large size-large wp-image-269\" alt=\"\" srcset=\"https:\/\/damaceurope.eu\/wp-content\/uploads\/2025\/05\/b2.jpg 600w, https:\/\/damaceurope.eu\/wp-content\/uploads\/2025\/05\/b2-200x267.jpg 200w\" sizes=\"(max-width: 600px) 100vw, 600px\" \/>\t\t\t\t\t\t\t\t\t\t\t\t\t\t\t<\/div>\n\t\t\t\t<\/div>\n\t\t\t\t<div class=\"elementor-element elementor-element-b66ef14 elementor-widget elementor-widget-image\" data-id=\"b66ef14\" data-element_type=\"widget\" data-widget_type=\"image.default\">\n\t\t\t\t<div class=\"elementor-widget-container\">\n\t\t\t\t\t\t\t\t\t\t\t\t\t\t\t<img loading=\"lazy\" decoding=\"async\" width=\"600\" height=\"800\" src=\"https:\/\/damaceurope.eu\/wp-content\/uploads\/2025\/05\/b3.jpg\" class=\"attachment-large size-large wp-image-270\" alt=\"\" srcset=\"https:\/\/damaceurope.eu\/wp-content\/uploads\/2025\/05\/b3.jpg 600w, https:\/\/damaceurope.eu\/wp-content\/uploads\/2025\/05\/b3-200x267.jpg 200w\" sizes=\"(max-width: 600px) 100vw, 600px\" \/>\t\t\t\t\t\t\t\t\t\t\t\t\t\t\t<\/div>\n\t\t\t\t<\/div>\n\t\t\t\t<div class=\"elementor-element elementor-element-61370ca elementor-widget elementor-widget-image\" data-id=\"61370ca\" data-element_type=\"widget\" data-widget_type=\"image.default\">\n\t\t\t\t<div class=\"elementor-widget-container\">\n\t\t\t\t\t\t\t\t\t\t\t\t\t\t\t<img loading=\"lazy\" decoding=\"async\" width=\"600\" height=\"800\" src=\"https:\/\/damaceurope.eu\/wp-content\/uploads\/2025\/05\/b4.jpg\" class=\"attachment-large size-large wp-image-271\" alt=\"\" srcset=\"https:\/\/damaceurope.eu\/wp-content\/uploads\/2025\/05\/b4.jpg 600w, https:\/\/damaceurope.eu\/wp-content\/uploads\/2025\/05\/b4-200x267.jpg 200w\" sizes=\"(max-width: 600px) 100vw, 600px\" \/>\t\t\t\t\t\t\t\t\t\t\t\t\t\t\t<\/div>\n\t\t\t\t<\/div>\n\t\t\t\t<div class=\"elementor-element elementor-element-f972791 elementor-widget elementor-widget-image\" data-id=\"f972791\" data-element_type=\"widget\" data-widget_type=\"image.default\">\n\t\t\t\t<div class=\"elementor-widget-container\">\n\t\t\t\t\t\t\t\t\t\t\t\t\t\t\t<img loading=\"lazy\" decoding=\"async\" width=\"600\" height=\"800\" src=\"https:\/\/damaceurope.eu\/wp-content\/uploads\/2025\/05\/b5.jpg\" class=\"attachment-large size-large wp-image-272\" alt=\"\" srcset=\"https:\/\/damaceurope.eu\/wp-content\/uploads\/2025\/05\/b5.jpg 600w, https:\/\/damaceurope.eu\/wp-content\/uploads\/2025\/05\/b5-200x267.jpg 200w\" sizes=\"(max-width: 600px) 100vw, 600px\" \/>\t\t\t\t\t\t\t\t\t\t\t\t\t\t\t<\/div>\n\t\t\t\t<\/div>\n\t\t\t\t<div class=\"elementor-element elementor-element-9e370f2 elementor-widget elementor-widget-image\" data-id=\"9e370f2\" data-element_type=\"widget\" data-widget_type=\"image.default\">\n\t\t\t\t<div class=\"elementor-widget-container\">\n\t\t\t\t\t\t\t\t\t\t\t\t\t\t\t<img loading=\"lazy\" decoding=\"async\" width=\"600\" height=\"800\" src=\"https:\/\/damaceurope.eu\/wp-content\/uploads\/2025\/05\/b9.jpg\" class=\"attachment-large size-large wp-image-282\" alt=\"\" srcset=\"https:\/\/damaceurope.eu\/wp-content\/uploads\/2025\/05\/b9.jpg 600w, https:\/\/damaceurope.eu\/wp-content\/uploads\/2025\/05\/b9-200x267.jpg 200w\" sizes=\"(max-width: 600px) 100vw, 600px\" \/>\t\t\t\t\t\t\t\t\t\t\t\t\t\t\t<\/div>\n\t\t\t\t<\/div>\n\t\t\t\t<div class=\"elementor-element elementor-element-a7bc4c3 elementor-widget elementor-widget-image\" data-id=\"a7bc4c3\" data-element_type=\"widget\" data-widget_type=\"image.default\">\n\t\t\t\t<div class=\"elementor-widget-container\">\n\t\t\t\t\t\t\t\t\t\t\t\t\t\t\t<img loading=\"lazy\" decoding=\"async\" width=\"600\" height=\"800\" src=\"https:\/\/damaceurope.eu\/wp-content\/uploads\/2025\/05\/b6.jpg\" class=\"attachment-large size-large wp-image-284\" alt=\"\" srcset=\"https:\/\/damaceurope.eu\/wp-content\/uploads\/2025\/05\/b6.jpg 600w, https:\/\/damaceurope.eu\/wp-content\/uploads\/2025\/05\/b6-200x267.jpg 200w\" sizes=\"(max-width: 600px) 100vw, 600px\" \/>\t\t\t\t\t\t\t\t\t\t\t\t\t\t\t<\/div>\n\t\t\t\t<\/div>\n\t\t\t\t<div class=\"elementor-element elementor-element-3e98c14 elementor-widget elementor-widget-image\" data-id=\"3e98c14\" data-element_type=\"widget\" data-widget_type=\"image.default\">\n\t\t\t\t<div class=\"elementor-widget-container\">\n\t\t\t\t\t\t\t\t\t\t\t\t\t\t\t<img loading=\"lazy\" decoding=\"async\" width=\"600\" height=\"800\" src=\"https:\/\/damaceurope.eu\/wp-content\/uploads\/2025\/05\/b11.jpg\" class=\"attachment-large size-large wp-image-285\" alt=\"\" srcset=\"https:\/\/damaceurope.eu\/wp-content\/uploads\/2025\/05\/b11.jpg 600w, https:\/\/damaceurope.eu\/wp-content\/uploads\/2025\/05\/b11-200x267.jpg 200w\" sizes=\"(max-width: 600px) 100vw, 600px\" \/>\t\t\t\t\t\t\t\t\t\t\t\t\t\t\t<\/div>\n\t\t\t\t<\/div>\n\t\t\t\t\t<\/div>\n\t\t\t\t<\/div>\n\t\t\t\t<\/div>\n\t\t","protected":false},"excerpt":{"rendered":"<p>DIE DAMAC UNTERNEHMENSGRUPPEDie DAMAC Group gr\u00fcndete im Jahr 2002 ihre Immobilienentwicklungssparte unter dem Namen DAMAC Properties, die sich seither zu einer weltweit anerkannten Marke entwickelt hat. DAMAC Properties setzt sich das Ziel, neue Ma\u00dfst\u00e4be in Design, Handwerkskunst und einem inspirierten Lebensstil zu setzen. Ob es sich um integrierte Wohnanlagen oder ikonische Hochhaust\u00fcrme handelt \u2013 DAMAC [&hellip;]<\/p>\n","protected":false},"author":1,"featured_media":209,"parent":0,"menu_order":0,"comment_status":"closed","ping_status":"closed","template":"","meta":{"footnotes":""},"class_list":["post-190","page","type-page","status-publish","has-post-thumbnail","hentry"],"_links":{"self":[{"href":"https:\/\/damaceurope.eu\/index.php\/wp-json\/wp\/v2\/pages\/190","targetHints":{"allow":["GET"]}}],"collection":[{"href":"https:\/\/damaceurope.eu\/index.php\/wp-json\/wp\/v2\/pages"}],"about":[{"href":"https:\/\/damaceurope.eu\/index.php\/wp-json\/wp\/v2\/types\/page"}],"author":[{"embeddable":true,"href":"https:\/\/damaceurope.eu\/index.php\/wp-json\/wp\/v2\/users\/1"}],"replies":[{"embeddable":true,"href":"https:\/\/damaceurope.eu\/index.php\/wp-json\/wp\/v2\/comments?post=190"}],"version-history":[{"count":21,"href":"https:\/\/damaceurope.eu\/index.php\/wp-json\/wp\/v2\/pages\/190\/revisions"}],"predecessor-version":[{"id":498,"href":"https:\/\/damaceurope.eu\/index.php\/wp-json\/wp\/v2\/pages\/190\/revisions\/498"}],"wp:featuredmedia":[{"embeddable":true,"href":"https:\/\/damaceurope.eu\/index.php\/wp-json\/wp\/v2\/media\/209"}],"wp:attachment":[{"href":"https:\/\/damaceurope.eu\/index.php\/wp-json\/wp\/v2\/media?parent=190"}],"curies":[{"name":"wp","href":"https:\/\/api.w.org\/{rel}","templated":true}]}}