{"id":189,"date":"2025-05-09T01:08:18","date_gmt":"2025-05-09T01:08:18","guid":{"rendered":"https:\/\/damaceurope.eu\/?page_id=189"},"modified":"2025-05-12T09:36:06","modified_gmt":"2025-05-12T09:36:06","slug":"about-us","status":"publish","type":"page","link":"https:\/\/damaceurope.eu\/index.php\/about-us\/","title":{"rendered":"About Us"},"content":{"rendered":"\t\t<div data-elementor-type=\"wp-page\" data-elementor-id=\"189\" class=\"elementor elementor-189\">\n\t\t\t\t<div class=\"aux-parallax-section elementor-element elementor-element-1affcd4e e-flex e-con-boxed e-con e-parent\" data-id=\"1affcd4e\" data-element_type=\"container\">\n\t\t\t\t\t<div class=\"e-con-inner\">\n\t\t\t\t<div class=\"elementor-element elementor-element-5e6f6809 elementor-widget elementor-widget-text-editor\" data-id=\"5e6f6809\" data-element_type=\"widget\" data-widget_type=\"text-editor.default\">\n\t\t\t\t<div class=\"elementor-widget-container\">\n\t\t\t\t\t\t\t\t\t<h5><strong>DAMAC Europe Real Estate &amp; CRTT Real Tourism Trade Austria<\/strong><\/h5><h5><strong>Vertretung &amp; Vermittlung von Immobilieninvestitionen in den Vereinigten Arabischen Emiraten<\/strong><\/h5><h5>Die Firma\u00a0CRTT Real Tourism Trade Austria\u00a0ist offizielle Repr\u00e4sentantin und Vermittlungsagentur f\u00fcr\u00a0Damac Properties Europe\u00a0in \u00d6sterreich, Deutschland und der Schweiz.<br \/>Unsere Hauptaufgabe besteht darin, interessierte Kunden aus Europa kompetent und zuverl\u00e4ssig bei der Direktinvestition in hochwertige Immobilienprojekte von<\/h5><h5>Damac Properties in Dubai, Abu Dhabi sowie in weiteren St\u00e4dten der VAE zu betreuen.<\/h5><h5>\u00a0\u00a0<\/h5><h3>\u00a0<\/h3><h3><strong>Unsere Leistungen f\u00fcr Damac Europe<\/strong><\/h3><ul><li>Marketing &amp; Promotion\u00a0f\u00fcr alle DAMAC-Projekte in Europa<\/li><li>Organisation von\u00a0Roadshows, Info-Events und Pr\u00e4sentationen\u00a0in\u00a0Wien,\u00a0Z\u00fcrich,\u00a0M\u00fcnchen\u00a0und anderen St\u00e4dten<\/li><li>Direkte Kundenvermittlung\u00a0\u2013 wir bringen europ\u00e4ische Interessenten mit den passenden Damac-Objekten zusammen<\/li><li>Beratung in mehreren Sprachen, inklusive Arabisch und Deutsch<\/li><li>Ma\u00dfgeschneiderte\u00a0Kaufunterst\u00fctzung und Betreuung\u00a0vor, w\u00e4hrend und nach dem Kauf<\/li><\/ul><h3>\u00a0<\/h3><h3><strong>Warum mit CRTT arbeiten?<\/strong><\/h3><ul><li>Langj\u00e4hrige Erfahrung\u00a0im Tourismus, Immobilienmarketing und in internationalen Partnerschaften<\/li><li>Exklusive Zusammenarbeit\u00a0mit Damac Europe<\/li><li>Lokale Pr\u00e4senz in Europa \u2013\u00a0verl\u00e4ssliche Ansprechstelle vor Ort<\/li><li>Verst\u00e4ndnis f\u00fcr kulturelle Anforderungen und Investorenw\u00fcnsche aus Europa und dem Nahen Osten<\/li><\/ul><p>Wir freuen uns, Sie auf Ihrem Weg zur passenden DAMAC-Immobilie zu begleiten \u2013 ob als Wohnsitz, Ferienimmobilie oder Investitionsobjekt.<\/p><p><strong>CRTT\u00a0 \u2013 Ihr Partner f\u00fcr Immobilien von DAMAC in Europa.<\/strong><\/p><p>Mr A. Kader Chalendi Damac Europe\u00a0 \u00a0 Mr. N. Mohammad\u00a0 \u00a0Director of Sales Damac Dubai Head Office\u00a0 \u00a0Mr Carlos Castillo\u00a0 \u00a0Relationship Manager\u00a0 Dubai Head Office\u00a0<\/p>\t\t\t\t\t\t\t\t<\/div>\n\t\t\t\t<\/div>\n\t\t\t\t\t<\/div>\n\t\t\t\t<\/div>\n\t\t<div class=\"aux-parallax-section elementor-element elementor-element-7d56474 e-grid e-con-boxed e-con e-parent\" data-id=\"7d56474\" data-element_type=\"container\">\n\t\t\t\t\t<div class=\"e-con-inner\">\n\t\t\t\t<div class=\"elementor-element elementor-element-93226ba elementor-widget elementor-widget-image\" data-id=\"93226ba\" data-element_type=\"widget\" data-widget_type=\"image.default\">\n\t\t\t\t<div class=\"elementor-widget-container\">\n\t\t\t\t\t\t\t\t\t\t\t\t\t\t\t<img fetchpriority=\"high\" decoding=\"async\" width=\"472\" height=\"380\" src=\"https:\/\/damaceurope.eu\/wp-content\/uploads\/2025\/05\/p2.jpg\" class=\"attachment-large size-large wp-image-210\" alt=\"\" srcset=\"https:\/\/damaceurope.eu\/wp-content\/uploads\/2025\/05\/p2.jpg 472w, https:\/\/damaceurope.eu\/wp-content\/uploads\/2025\/05\/p2-200x161.jpg 200w\" sizes=\"(max-width: 472px) 100vw, 472px\" \/>\t\t\t\t\t\t\t\t\t\t\t\t\t\t\t<\/div>\n\t\t\t\t<\/div>\n\t\t\t\t<div class=\"elementor-element elementor-element-f3478b5 elementor-widget elementor-widget-image\" data-id=\"f3478b5\" data-element_type=\"widget\" data-widget_type=\"image.default\">\n\t\t\t\t<div class=\"elementor-widget-container\">\n\t\t\t\t\t\t\t\t\t\t\t\t\t\t\t<img decoding=\"async\" width=\"472\" height=\"380\" src=\"https:\/\/damaceurope.eu\/wp-content\/uploads\/2025\/05\/p3.jpg\" class=\"attachment-large size-large wp-image-211\" alt=\"\" srcset=\"https:\/\/damaceurope.eu\/wp-content\/uploads\/2025\/05\/p3.jpg 472w, https:\/\/damaceurope.eu\/wp-content\/uploads\/2025\/05\/p3-200x161.jpg 200w\" sizes=\"(max-width: 472px) 100vw, 472px\" \/>\t\t\t\t\t\t\t\t\t\t\t\t\t\t\t<\/div>\n\t\t\t\t<\/div>\n\t\t\t\t\t<\/div>\n\t\t\t\t<\/div>\n\t\t\t\t<\/div>\n\t\t","protected":false},"excerpt":{"rendered":"<p>DAMAC Europe Real Estate &amp; CRTT Real Tourism Trade Austria Vertretung &amp; Vermittlung von Immobilieninvestitionen in den Vereinigten Arabischen Emiraten Die Firma\u00a0CRTT Real Tourism Trade Austria\u00a0ist offizielle Repr\u00e4sentantin und Vermittlungsagentur f\u00fcr\u00a0Damac Properties Europe\u00a0in \u00d6sterreich, Deutschland und der Schweiz.Unsere Hauptaufgabe besteht darin, interessierte Kunden aus Europa kompetent und zuverl\u00e4ssig bei der Direktinvestition in hochwertige Immobilienprojekte von [&hellip;]<\/p>\n","protected":false},"author":1,"featured_media":210,"parent":0,"menu_order":0,"comment_status":"closed","ping_status":"closed","template":"","meta":{"footnotes":""},"class_list":["post-189","page","type-page","status-publish","has-post-thumbnail","hentry"],"_links":{"self":[{"href":"https:\/\/damaceurope.eu\/index.php\/wp-json\/wp\/v2\/pages\/189","targetHints":{"allow":["GET"]}}],"collection":[{"href":"https:\/\/damaceurope.eu\/index.php\/wp-json\/wp\/v2\/pages"}],"about":[{"href":"https:\/\/damaceurope.eu\/index.php\/wp-json\/wp\/v2\/types\/page"}],"author":[{"embeddable":true,"href":"https:\/\/damaceurope.eu\/index.php\/wp-json\/wp\/v2\/users\/1"}],"replies":[{"embeddable":true,"href":"https:\/\/damaceurope.eu\/index.php\/wp-json\/wp\/v2\/comments?post=189"}],"version-history":[{"count":24,"href":"https:\/\/damaceurope.eu\/index.php\/wp-json\/wp\/v2\/pages\/189\/revisions"}],"predecessor-version":[{"id":397,"href":"https:\/\/damaceurope.eu\/index.php\/wp-json\/wp\/v2\/pages\/189\/revisions\/397"}],"wp:featuredmedia":[{"embeddable":true,"href":"https:\/\/damaceurope.eu\/index.php\/wp-json\/wp\/v2\/media\/210"}],"wp:attachment":[{"href":"https:\/\/damaceurope.eu\/index.php\/wp-json\/wp\/v2\/media?parent=189"}],"curies":[{"name":"wp","href":"https:\/\/api.w.org\/{rel}","templated":true}]}}