{"id":153,"date":"2025-05-09T00:22:19","date_gmt":"2025-05-09T00:22:19","guid":{"rendered":"https:\/\/damaceurope.eu\/?page_id=153"},"modified":"2025-05-22T10:28:14","modified_gmt":"2025-05-22T10:28:14","slug":"projects","status":"publish","type":"page","link":"https:\/\/damaceurope.eu\/index.php\/projects\/","title":{"rendered":"Projects"},"content":{"rendered":"<p data-start=\"0\" data-end=\"170\">DAMAC arbeitet eng mit einigen der weltweit begehrtesten Luxusmarken zusammen, um wahrhaft exquisite Lebenswelten zu schaffen.<\/p>\n<p data-start=\"172\" data-end=\"666\">Unsere Berater f\u00fcr Luxusimmobilien verf\u00fcgen \u00fcber umfangreiche Erfahrung darin, Eigent\u00fcmern und Investoren bei der Suche nach Objekten zu helfen, die perfekt zu ihren Bed\u00fcrfnissen passen. Mit fundiertem Wissen \u00fcber Immobilientrends, tiefgreifenden Branchenkenntnissen und einem ausgepr\u00e4gten Verst\u00e4ndnis des lokalen Marktes setzen sich unsere Berater daf\u00fcr ein, dass Ihre Entscheidung f\u00fcr eine Investition in DAMAC Properties wohl\u00fcberlegt und vertrauensvoll getroffen wird<\/p>\n<p data-start=\"172\" data-end=\"666\"><strong>Hotline:\u00a0 0043 650 60 41 265<\/strong><\/p>\n<p data-start=\"172\" data-end=\"666\">Los Geht\u2019s<\/p>\n<p data-start=\"172\" data-end=\"666\"><strong>Aktuelle Objekte zu kaufen\u00a0<\/strong><\/p>\n<p data-start=\"172\" data-end=\"666\"><a href=\"https:\/\/www.damacproperties.com\/en\/for-sale\/dubai\/properties\/apartments\/\">DUBAI Apartments ab 1 bis 2 Zimmer Jetzt kaufen<\/a><\/p>\n<p data-start=\"172\" data-end=\"666\"><a href=\"https:\/\/www.damacproperties.com\/en\/for-sale\/dubai\/properties\/villas\/3-bedrooms\/\">DUBAI Apartments\u00a0 bis 4 Zimmer Jetzt zu Kaufen\u00a0<\/a><\/p>\n<p data-start=\"172\" data-end=\"666\"><a href=\"https:\/\/www.damacproperties.com\/en\/for-sale\/dubai\/properties\/villas\/\">DUBAI\u00a0 Villas ab 5 Zimmer\u00a0 Jetzt kaufen\u00a0<\/a><\/p>\n<p data-start=\"172\" data-end=\"666\"><a href=\"https:\/\/www.damacproperties.com\/en\/for-sale\/dubai\/properties\/townhouses\/\">DUBAI\u00a0 Penthouse Jetzt Kaufen<\/a><\/p>\n<h1 class=\"font-primary font-medium text-m uppercase leading-5 tracking-widest my-m md:mt-xl md:mb-[40px]\">Penthouse<\/h1>\n<p data-start=\"172\" data-end=\"666\"><strong>Featured Projects<\/strong><\/p>\n<ul>\n<li><a href=\"https:\/\/www.damacproperties.com\/en\/projects\/chelsea-residences\/\">Chelsea Residences<\/a><\/li>\n<li><a href=\"https:\/\/www.damacproperties.com\/en\/projects\/safa-gate\/\">Safa Gate<\/a><\/li>\n<li><a href=\"https:\/\/www.damacproperties.com\/en\/projects\/couture-by-cavalli\/\">Couture by Cavalli<\/a><\/li>\n<li><a href=\"https:\/\/www.damacproperties.com\/en\/communities\/damac-lagoons\/projects\/lagoon-views\/\">Lagoon Views<\/a><\/li>\n<li><a href=\"https:\/\/damacproperties.com\/en\/search\/?currency=AED&amp;measurement=imperial&amp;onlyAvailable=true&amp;type=project\">View All<\/a><\/li>\n<\/ul>\n<p><strong>Top Searched Projects<\/strong><\/p>\n<ul>\n<li><a href=\"https:\/\/www.damacproperties.com\/en\/communities\/damac-riverside\/projects\/damac-riverside-views\/\">Riverside Views<\/a><\/li>\n<li><a href=\"https:\/\/www.damacproperties.com\/en\/projects\/damac-casa\/\">DAMAC Casa<\/a><\/li>\n<li><a href=\"https:\/\/www.damacproperties.com\/en\/projects\/canal-heights-2-de-grisogono\/\">Canal Heights 2<\/a><\/li>\n<li><a href=\"https:\/\/www.damacproperties.com\/en\/communities\/damac-lagoons\/projects\/ibiza\/\">Ibiza<\/a><\/li>\n<li><a href=\"https:\/\/www.damacproperties.com\/en\/communities\/damac-hills\/projects\/golf-gate-2\/\">Golf Gate 2<\/a><\/li>\n<\/ul>\n<p><strong>Communities<\/strong><\/p>\n<ul>\n<li><a href=\"https:\/\/www.damacproperties.com\/en\/communities\/damac-islands-community\/\">DAMAC Islands<\/a><\/li>\n<li><a href=\"https:\/\/www.damacproperties.com\/en\/communities\/damac-riverside\/\">DAMAC Riverside<\/a><\/li>\n<li><a href=\"https:\/\/www.damacproperties.com\/en\/communities\/damac-sun-city\/\">DAMAC Sun City<\/a><\/li>\n<li><a href=\"https:\/\/www.damacproperties.com\/en\/communities\/damac-lagoons\/\">DAMAC Lagoons<\/a><\/li>\n<li><a href=\"https:\/\/www.damacproperties.com\/en\/communities\/damac-hills-2\/\">DAMAC Hills 2<\/a><\/li>\n<li><a href=\"https:\/\/www.damacproperties.com\/en\/communities\/damac-hills-community\/\">DAMAC Hills<\/a><\/li>\n<\/ul>\n<p><strong>Locations<\/strong><\/p>\n<ul>\n<li><a href=\"https:\/\/www.damacproperties.com\/en\/search\/?category=9f84b6c7-5064-414e-b0aa-33e40b6fbbc0&amp;currency=AED&amp;measurement=imperial&amp;type=project\">Dubai<\/a><\/li>\n<li><a href=\"https:\/\/www.damacproperties.com\/en\/search\/?category=a34b366b-b751-46b8-8473-d21b1f143194&amp;currency=AED&amp;measurement=imperial&amp;type=project\">Abu Dhabi<\/a><\/li>\n<li><a href=\"https:\/\/www.damacproperties.com\/en\/search\/?category=1995b013-59ef-4fcb-abc7-23c229746c4d&amp;currency=AED&amp;measurement=imperial&amp;type=project\">Ras Al Khaimah<\/a><\/li>\n<\/ul>\n<p><img fetchpriority=\"high\" decoding=\"async\" src=\"https:\/\/damaceurope.eu\/wp-content\/uploads\/2025\/05\/Chelsea-Residences.png\" sizes=\"(max-width: 307px) 100vw, 307px\" srcset=\"https:\/\/damaceurope.eu\/wp-content\/uploads\/2025\/05\/Chelsea-Residences.png 307w, https:\/\/damaceurope.eu\/wp-content\/uploads\/2025\/05\/Chelsea-Residences-200x107.png 200w\" alt=\"\" width=\"307\" height=\"164\" \/><br \/>\n<img decoding=\"async\" src=\"https:\/\/damaceurope.eu\/wp-content\/uploads\/2025\/05\/Safa-Gate.png\" sizes=\"(max-width: 309px) 100vw, 309px\" srcset=\"https:\/\/damaceurope.eu\/wp-content\/uploads\/2025\/05\/Safa-Gate.png 309w, https:\/\/damaceurope.eu\/wp-content\/uploads\/2025\/05\/Safa-Gate-200x106.png 200w\" alt=\"\" width=\"309\" height=\"163\" \/><br \/>\n<img decoding=\"async\" src=\"https:\/\/damaceurope.eu\/wp-content\/uploads\/2025\/05\/Couture-by-Cavalli.png\" sizes=\"(max-width: 360px) 100vw, 360px\" srcset=\"https:\/\/damaceurope.eu\/wp-content\/uploads\/2025\/05\/Couture-by-Cavalli.png 360w, https:\/\/damaceurope.eu\/wp-content\/uploads\/2025\/05\/Couture-by-Cavalli-200x63.png 200w\" alt=\"\" width=\"360\" height=\"114\" \/><br \/>\n<img loading=\"lazy\" decoding=\"async\" src=\"https:\/\/damaceurope.eu\/wp-content\/uploads\/2025\/05\/Lagoon-Views.png\" sizes=\"(max-width: 250px) 100vw, 250px\" srcset=\"https:\/\/damaceurope.eu\/wp-content\/uploads\/2025\/05\/Lagoon-Views.png 250w, https:\/\/damaceurope.eu\/wp-content\/uploads\/2025\/05\/Lagoon-Views-200x88.png 200w\" alt=\"\" width=\"250\" height=\"110\" \/><br \/>\n<img loading=\"lazy\" decoding=\"async\" src=\"https:\/\/damaceurope.eu\/wp-content\/uploads\/2025\/05\/riverside.png\" sizes=\"(max-width: 300px) 100vw, 300px\" srcset=\"https:\/\/damaceurope.eu\/wp-content\/uploads\/2025\/05\/riverside.png 300w, https:\/\/damaceurope.eu\/wp-content\/uploads\/2025\/05\/riverside-200x112.png 200w\" alt=\"\" width=\"300\" height=\"168\" \/><br \/>\n<img loading=\"lazy\" decoding=\"async\" src=\"https:\/\/damaceurope.eu\/wp-content\/uploads\/2025\/05\/casa-tower-1.png\" sizes=\"(max-width: 348px) 100vw, 348px\" srcset=\"https:\/\/damaceurope.eu\/wp-content\/uploads\/2025\/05\/casa-tower-1.png 348w, https:\/\/damaceurope.eu\/wp-content\/uploads\/2025\/05\/casa-tower-1-200x83.png 200w\" alt=\"\" width=\"348\" height=\"145\" \/><br \/>\n<img loading=\"lazy\" decoding=\"async\" src=\"https:\/\/damaceurope.eu\/wp-content\/uploads\/2025\/05\/CANAL-HEIGHTS-1.png\" sizes=\"(max-width: 345px) 100vw, 345px\" srcset=\"https:\/\/damaceurope.eu\/wp-content\/uploads\/2025\/05\/CANAL-HEIGHTS-1.png 345w, https:\/\/damaceurope.eu\/wp-content\/uploads\/2025\/05\/CANAL-HEIGHTS-1-200x151.png 200w\" alt=\"\" width=\"345\" height=\"261\" \/><br \/>\n<img loading=\"lazy\" decoding=\"async\" src=\"https:\/\/damaceurope.eu\/wp-content\/uploads\/2025\/05\/ibiza-lagonas.jpeg\" sizes=\"(max-width: 327px) 100vw, 327px\" srcset=\"https:\/\/damaceurope.eu\/wp-content\/uploads\/2025\/05\/ibiza-lagonas.jpeg 327w, https:\/\/damaceurope.eu\/wp-content\/uploads\/2025\/05\/ibiza-lagonas-200x94.jpeg 200w\" alt=\"\" width=\"327\" height=\"154\" \/><br \/>\n<img loading=\"lazy\" decoding=\"async\" src=\"https:\/\/damaceurope.eu\/wp-content\/uploads\/2025\/05\/Volta.png\" sizes=\"(max-width: 276px) 100vw, 276px\" srcset=\"https:\/\/damaceurope.eu\/wp-content\/uploads\/2025\/05\/Volta.png 276w, https:\/\/damaceurope.eu\/wp-content\/uploads\/2025\/05\/Volta-200x132.png 200w\" alt=\"\" width=\"276\" height=\"182\" \/><\/p>\n","protected":false},"excerpt":{"rendered":"<p>DAMAC arbeitet eng mit einigen der weltweit begehrtesten Luxusmarken zusammen, um wahrhaft exquisite Lebenswelten zu schaffen. Unsere Berater f\u00fcr Luxusimmobilien verf\u00fcgen \u00fcber umfangreiche Erfahrung darin, Eigent\u00fcmern und Investoren bei der Suche nach Objekten zu helfen, die perfekt zu ihren Bed\u00fcrfnissen passen. Mit fundiertem Wissen \u00fcber Immobilientrends, tiefgreifenden Branchenkenntnissen und einem ausgepr\u00e4gten Verst\u00e4ndnis des lokalen Marktes [&hellip;]<\/p>\n","protected":false},"author":1,"featured_media":0,"parent":0,"menu_order":0,"comment_status":"closed","ping_status":"closed","template":"","meta":{"footnotes":""},"class_list":["post-153","page","type-page","status-publish","hentry"],"_links":{"self":[{"href":"https:\/\/damaceurope.eu\/index.php\/wp-json\/wp\/v2\/pages\/153","targetHints":{"allow":["GET"]}}],"collection":[{"href":"https:\/\/damaceurope.eu\/index.php\/wp-json\/wp\/v2\/pages"}],"about":[{"href":"https:\/\/damaceurope.eu\/index.php\/wp-json\/wp\/v2\/types\/page"}],"author":[{"embeddable":true,"href":"https:\/\/damaceurope.eu\/index.php\/wp-json\/wp\/v2\/users\/1"}],"replies":[{"embeddable":true,"href":"https:\/\/damaceurope.eu\/index.php\/wp-json\/wp\/v2\/comments?post=153"}],"version-history":[{"count":26,"href":"https:\/\/damaceurope.eu\/index.php\/wp-json\/wp\/v2\/pages\/153\/revisions"}],"predecessor-version":[{"id":505,"href":"https:\/\/damaceurope.eu\/index.php\/wp-json\/wp\/v2\/pages\/153\/revisions\/505"}],"wp:attachment":[{"href":"https:\/\/damaceurope.eu\/index.php\/wp-json\/wp\/v2\/media?parent=153"}],"curies":[{"name":"wp","href":"https:\/\/api.w.org\/{rel}","templated":true}]}}